{"id":12,"date":"2016-10-03T10:42:17","date_gmt":"2016-10-03T08:42:17","guid":{"rendered":"http:\/\/localhost\/?page_id=12"},"modified":"2025-04-11T13:37:18","modified_gmt":"2025-04-11T11:37:18","slug":"camping","status":"publish","type":"page","link":"https:\/\/campingmaasterrasroermond.nl\/de\/camping\/","title":{"rendered":"Campingplatz"},"content":{"rendered":"<p>Der Campingplatz verf\u00fcgt \u00fcber mehr als 190 Jahres-\u00a0 und 20 touristische Standpl\u00e4tze.<\/p>\n<p>Er liegt h\u00f6her gelegen zur Maas. Aufgrund dieser Lage, besteht die M\u00f6glichkeit den Wohnwagen das gesamte Jahr stehen zulassen.<\/p>\n<p>Die Jahrespl\u00e4tze sind ger\u00e4umig angelegt und verf\u00fcgen alle \u00fcber einen Wasser-, Abwasser- und einen Stromanschluss (6 Ampere).<\/p>\n<p>Die touristischen Standpl\u00e4tze befinden sich auf einem seperaten Teil des Campingplatzes. Diese Pl\u00e4tze sind im Winter (ab den 2. November) geschlossen.<\/p>\n<p><strong>\u00a0<\/strong><\/p>\n<p>Camping Maasterras Roermond<\/p>\n","protected":false},"excerpt":{"rendered":"<p>Der Campingplatz verf\u00fcgt \u00fcber mehr als 190 Jahres-\u00a0 und 20 touristische Standpl\u00e4tze. Er liegt h\u00f6her gelegen zur Maas. Aufgrund dieser Lage, besteht die M\u00f6glichkeit den Wohnwagen das gesamte Jahr stehen zulassen. Die Jahrespl\u00e4tze sind ger\u00e4umig angelegt und verf\u00fcgen alle \u00fcber einen Wasser-, Abwasser- und einen Stromanschluss (6 Ampere). Die touristischen Standpl\u00e4tze befinden sich auf einem<br \/><a class=\"read-more\" href=\"https:\/\/campingmaasterrasroermond.nl\/de\/camping\/\">Lees verder<\/a><\/p>\n","protected":false},"author":1,"featured_media":0,"parent":0,"menu_order":0,"comment_status":"closed","ping_status":"closed","template":"","meta":{"footnotes":""},"class_list":["post-12","page","type-page","status-publish","hentry"],"translation":{"provider":"WPGlobus","version":"3.0.2","language":"de","enabled_languages":["nl","de"],"languages":{"nl":{"title":true,"content":true,"excerpt":false},"de":{"title":true,"content":true,"excerpt":false}}},"_links":{"self":[{"href":"https:\/\/campingmaasterrasroermond.nl\/de\/wp-json\/wp\/v2\/pages\/12","targetHints":{"allow":["GET"]}}],"collection":[{"href":"https:\/\/campingmaasterrasroermond.nl\/de\/wp-json\/wp\/v2\/pages"}],"about":[{"href":"https:\/\/campingmaasterrasroermond.nl\/de\/wp-json\/wp\/v2\/types\/page"}],"author":[{"embeddable":true,"href":"https:\/\/campingmaasterrasroermond.nl\/de\/wp-json\/wp\/v2\/users\/1"}],"replies":[{"embeddable":true,"href":"https:\/\/campingmaasterrasroermond.nl\/de\/wp-json\/wp\/v2\/comments?post=12"}],"version-history":[{"count":21,"href":"https:\/\/campingmaasterrasroermond.nl\/de\/wp-json\/wp\/v2\/pages\/12\/revisions"}],"predecessor-version":[{"id":899,"href":"https:\/\/campingmaasterrasroermond.nl\/de\/wp-json\/wp\/v2\/pages\/12\/revisions\/899"}],"wp:attachment":[{"href":"https:\/\/campingmaasterrasroermond.nl\/de\/wp-json\/wp\/v2\/media?parent=12"}],"curies":[{"name":"wp","href":"https:\/\/api.w.org\/{rel}","templated":true}]}}