{"id":16,"date":"2016-10-03T10:42:57","date_gmt":"2016-10-03T08:42:57","guid":{"rendered":"http:\/\/localhost\/?page_id=16"},"modified":"2016-10-03T10:57:04","modified_gmt":"2016-10-03T08:57:04","slug":"watersport","status":"publish","type":"page","link":"https:\/\/campingmaasterrasroermond.nl\/de\/watersport\/","title":{"rendered":"Wassersport"},"content":{"rendered":"<p>Die Asseltse Seen sind ein Teil von dem Maasseengebiet, welches eine Gr\u00f6\u00dfe<\/p>\n<p>von 3000 Hektar umfasst.<\/p>\n<p>Da der Campingplatz \u00fcber eine eigene Slipanlage verf\u00fcgt, k\u00f6nnen Sie von hieraus die Seen ausgezeichnet erforschen.<\/p>\n<p>Vorausgesetzt es gibt gen\u00fcgend Platz auf ihrer Parzelle, d\u00fcrfen Sie ihr Boot hier gratis abstellen.<\/p>\n<p>Angeln Sie gerne? Dann gibt es auch hierf\u00fcr ausgezeichnete M\u00f6glichkeiten.<\/p>\n<p>Leider sind Jetskis auf den Asseltse Seen nicht erlaubt.<\/p>\n<p>&nbsp;<\/p>\n<p>&nbsp;<\/p>\n<p>Camping Maasterras Roermond<\/p>\n","protected":false},"excerpt":{"rendered":"<p>Die Asseltse Seen sind ein Teil von dem Maasseengebiet, welches eine Gr\u00f6\u00dfe von 3000 Hektar umfasst. Da der Campingplatz \u00fcber eine eigene Slipanlage verf\u00fcgt, k\u00f6nnen Sie von hieraus die Seen ausgezeichnet erforschen. Vorausgesetzt es gibt gen\u00fcgend Platz auf ihrer Parzelle, d\u00fcrfen Sie ihr Boot hier gratis abstellen. Angeln Sie gerne? Dann gibt es auch hierf\u00fcr<br \/><a class=\"read-more\" href=\"https:\/\/campingmaasterrasroermond.nl\/de\/watersport\/\">Lees verder<\/a><\/p>\n","protected":false},"author":1,"featured_media":0,"parent":0,"menu_order":0,"comment_status":"closed","ping_status":"closed","template":"","meta":{"footnotes":""},"class_list":["post-16","page","type-page","status-publish","hentry"],"translation":{"provider":"WPGlobus","version":"3.0.2","language":"de","enabled_languages":["nl","de"],"languages":{"nl":{"title":true,"content":true,"excerpt":false},"de":{"title":true,"content":true,"excerpt":false}}},"_links":{"self":[{"href":"https:\/\/campingmaasterrasroermond.nl\/de\/wp-json\/wp\/v2\/pages\/16","targetHints":{"allow":["GET"]}}],"collection":[{"href":"https:\/\/campingmaasterrasroermond.nl\/de\/wp-json\/wp\/v2\/pages"}],"about":[{"href":"https:\/\/campingmaasterrasroermond.nl\/de\/wp-json\/wp\/v2\/types\/page"}],"author":[{"embeddable":true,"href":"https:\/\/campingmaasterrasroermond.nl\/de\/wp-json\/wp\/v2\/users\/1"}],"replies":[{"embeddable":true,"href":"https:\/\/campingmaasterrasroermond.nl\/de\/wp-json\/wp\/v2\/comments?post=16"}],"version-history":[{"count":3,"href":"https:\/\/campingmaasterrasroermond.nl\/de\/wp-json\/wp\/v2\/pages\/16\/revisions"}],"predecessor-version":[{"id":579,"href":"https:\/\/campingmaasterrasroermond.nl\/de\/wp-json\/wp\/v2\/pages\/16\/revisions\/579"}],"wp:attachment":[{"href":"https:\/\/campingmaasterrasroermond.nl\/de\/wp-json\/wp\/v2\/media?parent=16"}],"curies":[{"name":"wp","href":"https:\/\/api.w.org\/{rel}","templated":true}]}}