{"id":20,"date":"2016-10-03T10:43:13","date_gmt":"2016-10-03T08:43:13","guid":{"rendered":"http:\/\/localhost\/?page_id=20"},"modified":"2026-01-05T17:31:26","modified_gmt":"2026-01-05T16:31:26","slug":"tarieven-toeristische-standplaats-2016","status":"publish","type":"page","link":"https:\/\/campingmaasterrasroermond.nl\/de\/tarieven-toeristische-standplaats-2016\/","title":{"rendered":"Tarife touristische standpl\u00e4tze 2026"},"content":{"rendered":"<table border=\"0\" frame=\"void\" rules=\"none\" cellspacing=\"0\">\n<tbody>\n<tr>\n<td align=\"left\" height=\"20\">Personen ab 4 Jahren<\/td>\n<td align=\"right\">\u20ac 3,00<\/td>\n<\/tr>\n<tr>\n<td align=\"left\" height=\"20\">Wohnwagen oder Zelt<strong>*<\/strong><\/td>\n<td align=\"right\">\u20ac 12,50<\/td>\n<\/tr>\n<tr>\n<td align=\"left\" height=\"20\">Auto<\/td>\n<td align=\"right\">\u20ac 2,50<\/td>\n<\/tr>\n<tr>\n<td align=\"left\" height=\"20\">Camper\/ Reisemobil<\/td>\n<td align=\"right\">\u20ac 15,00<\/td>\n<\/tr>\n<tr>\n<td align=\"left\" height=\"20\">Hund an der Leine<\/td>\n<td align=\"right\">\u20ac 2,00<\/td>\n<\/tr>\n<tr>\n<td align=\"left\" height=\"20\">Strom<\/td>\n<td align=\"right\">\u20ac 3,00<\/td>\n<\/tr>\n<tr>\n<td align=\"left\" height=\"20\">Kurtaxe<\/td>\n<td align=\"right\">\u20ac 1,80<\/td>\n<\/tr>\n<tr>\n<td align=\"left\" height=\"20\">(ab 13 Jahre)<\/td>\n<td align=\"right\">\u00a0<\/td>\n<\/tr>\n<tr>\n<td align=\"left\" height=\"20\">Tarife pro Nacht<\/td>\n<td align=\"right\">\u00a0<\/td>\n<\/tr>\n<tr>\n<td align=\"left\" height=\"17\"><strong>*<\/strong>Trekkingplatz g\u00fcnstiger<\/td>\n<td align=\"left\">\u00a0<\/td>\n<\/tr>\n<tr>\n<td align=\"left\" height=\"17\">\u00a0<\/td>\n<td align=\"left\">\u00a0<\/td>\n<\/tr>\n<tr>\n<td align=\"left\" height=\"17\"><strong>TARIFE JAHRESPL\u00c4TZE 2026<\/strong><\/td>\n<td align=\"left\">\u00a0<\/td>\n<\/tr>\n<tr>\n<td align=\"left\" height=\"20\">Kategorie 1<\/td>\n<td align=\"left\">\u20ac1250,00<\/td>\n<\/tr>\n<tr>\n<td align=\"left\" height=\"20\">Kategorie 2<\/td>\n<td align=\"left\">\u20ac1320,00<\/td>\n<\/tr>\n<tr>\n<td align=\"left\" height=\"20\">Kategorie 3 f\u00fcr neue G\u00e4ste ab den 1.1.2022<\/td>\n<td align=\"right\">\u20ac1400,00<\/td>\n<\/tr>\n<tr>\n<td align=\"left\" height=\"20\">Kategorie 4 f\u00fcr neue G\u00e4ste ab den 1.1.2022<\/td>\n<td align=\"right\">\u20ac1500,00<\/td>\n<\/tr>\n<tr>\n<td align=\"left\" height=\"20\">\u00a0<\/td>\n<td align=\"right\">\u00a0<\/td>\n<\/tr>\n<tr>\n<td align=\"left\" height=\"20\">Kurtaxe<\/td>\n<td align=\"right\">\u20ac 180,00<\/td>\n<\/tr>\n<tr>\n<td align=\"left\" height=\"17\">Stromverbrauch pro kWh.<\/td>\n<td style=\"text-align: right;\" align=\"left\">\u20ac 0,40<\/td>\n<\/tr>\n<tr>\n<td align=\"left\" height=\"20\">\u00a0<\/td>\n<td align=\"right\">\u00a0<\/td>\n<\/tr>\n<tr>\n<td align=\"left\" height=\"20\">\u00a0<\/td>\n<td align=\"right\">\u00a0<\/td>\n<\/tr>\n<tr>\n<td align=\"left\" height=\"20\">Anschlusskosten Wasser und Abwasser (einmalig)<\/td>\n<td align=\"right\">\u20ac 100,00<\/td>\n<\/tr>\n<tr>\n<td align=\"left\" height=\"17\">\u00a0<\/td>\n<td align=\"left\">\u00a0<\/td>\n<\/tr>\n<tr>\n<td align=\"left\" height=\"17\">Kategorie 1+3: Stellpl\u00e4tze mit M\u00f6glichkeit zum anschliessen von eigenem Zerhacker WC<\/td>\n<td align=\"left\">\u00a0<\/td>\n<\/tr>\n<tr>\n<td align=\"left\" height=\"17\">\u00a0<\/td>\n<td align=\"left\">\u00a0<\/td>\n<\/tr>\n<tr>\n<td align=\"left\" height=\"17\">Kategorie 2+4: Stellpl\u00e4tze oder Mobilheimpl\u00e4tze mit der M\u00f6glichkeit<br \/>zum anschliessen von eigenem WC<br \/>Platzmiete und Stromverbrauch sind inklusive Mehrwertsteuer <br \/>CAMPING MAASTERRASIBAN: NL12RABO 0150334125BIC: RABONL2U<\/td>\n<td align=\"left\">\u00a0<\/td>\n<\/tr>\n<\/tbody>\n<\/table>\n\n\n<p><\/p>\n","protected":false},"excerpt":{"rendered":"<p>Personen ab 4 Jahren \u20ac 3,00 Wohnwagen oder Zelt* \u20ac 12,50 Auto \u20ac 2,50 Camper\/ Reisemobil \u20ac 15,00 Hund an der Leine \u20ac 2,00 Strom \u20ac 3,00 Kurtaxe \u20ac 1,80 (ab 13 Jahre) \u00a0 Tarife pro Nacht \u00a0 *Trekkingplatz g\u00fcnstiger \u00a0 \u00a0 \u00a0 TARIFE JAHRESPL\u00c4TZE 2026 \u00a0 Kategorie 1 \u20ac1250,00 Kategorie 2 \u20ac1320,00 Kategorie 3<br \/><a class=\"read-more\" href=\"https:\/\/campingmaasterrasroermond.nl\/de\/tarieven-toeristische-standplaats-2016\/\">Lees verder<\/a><\/p>\n","protected":false},"author":1,"featured_media":0,"parent":0,"menu_order":0,"comment_status":"closed","ping_status":"closed","template":"","meta":{"footnotes":""},"class_list":["post-20","page","type-page","status-publish","hentry"],"translation":{"provider":"WPGlobus","version":"3.0.2","language":"de","enabled_languages":["nl","de"],"languages":{"nl":{"title":true,"content":true,"excerpt":false},"de":{"title":true,"content":true,"excerpt":false}}},"_links":{"self":[{"href":"https:\/\/campingmaasterrasroermond.nl\/de\/wp-json\/wp\/v2\/pages\/20","targetHints":{"allow":["GET"]}}],"collection":[{"href":"https:\/\/campingmaasterrasroermond.nl\/de\/wp-json\/wp\/v2\/pages"}],"about":[{"href":"https:\/\/campingmaasterrasroermond.nl\/de\/wp-json\/wp\/v2\/types\/page"}],"author":[{"embeddable":true,"href":"https:\/\/campingmaasterrasroermond.nl\/de\/wp-json\/wp\/v2\/users\/1"}],"replies":[{"embeddable":true,"href":"https:\/\/campingmaasterrasroermond.nl\/de\/wp-json\/wp\/v2\/comments?post=20"}],"version-history":[{"count":76,"href":"https:\/\/campingmaasterrasroermond.nl\/de\/wp-json\/wp\/v2\/pages\/20\/revisions"}],"predecessor-version":[{"id":947,"href":"https:\/\/campingmaasterrasroermond.nl\/de\/wp-json\/wp\/v2\/pages\/20\/revisions\/947"}],"wp:attachment":[{"href":"https:\/\/campingmaasterrasroermond.nl\/de\/wp-json\/wp\/v2\/media?parent=20"}],"curies":[{"name":"wp","href":"https:\/\/api.w.org\/{rel}","templated":true}]}}