{"id":24,"date":"2016-10-03T10:43:50","date_gmt":"2016-10-03T08:43:50","guid":{"rendered":"http:\/\/localhost\/?page_id=24"},"modified":"2025-08-22T20:29:11","modified_gmt":"2025-08-22T18:29:11","slug":"eten-en-drinken","status":"publish","type":"page","link":"https:\/\/campingmaasterrasroermond.nl\/de\/eten-en-drinken\/","title":{"rendered":"Essen und trinken"},"content":{"rendered":"<p lang=\"en-US\">In der N\u00e4he des Campingplatzes (Fussweg 10 Minuten) liegen zwei Caf\u00e9-Restaurants, wo Sie ausgezeichnet auf der Terrasse verweilen k\u00f6nnen. Diese bieten Ihnen eine idyllische Aussicht auf den Jachthafen und die Asseltse Seen. Selbstverst\u00e4ndlich gibt es auch in Swalmen und Roermond reichlich M\u00f6glichkeiten zu speisen.<\/p>\n<p lang=\"en-US\">F\u00fcr ein Eis steht Ihnen die Rezeption gerne zur Verf\u00fcgung.<\/p>\n<p lang=\"en-US\">Camping Maasterras Roermond<\/p>\n","protected":false},"excerpt":{"rendered":"<p>In der N\u00e4he des Campingplatzes (Fussweg 10 Minuten) liegen zwei Caf\u00e9-Restaurants, wo Sie ausgezeichnet auf der Terrasse verweilen k\u00f6nnen. Diese bieten Ihnen eine idyllische Aussicht auf den Jachthafen und die Asseltse Seen. Selbstverst\u00e4ndlich gibt es auch in Swalmen und Roermond reichlich M\u00f6glichkeiten zu speisen. F\u00fcr ein Eis steht Ihnen die Rezeption gerne zur Verf\u00fcgung. Camping<br \/><a class=\"read-more\" href=\"https:\/\/campingmaasterrasroermond.nl\/de\/eten-en-drinken\/\">Lees verder<\/a><\/p>\n","protected":false},"author":1,"featured_media":0,"parent":0,"menu_order":0,"comment_status":"closed","ping_status":"closed","template":"","meta":{"footnotes":""},"class_list":["post-24","page","type-page","status-publish","hentry"],"translation":{"provider":"WPGlobus","version":"3.0.2","language":"de","enabled_languages":["nl","de"],"languages":{"nl":{"title":true,"content":true,"excerpt":false},"de":{"title":true,"content":true,"excerpt":false}}},"_links":{"self":[{"href":"https:\/\/campingmaasterrasroermond.nl\/de\/wp-json\/wp\/v2\/pages\/24","targetHints":{"allow":["GET"]}}],"collection":[{"href":"https:\/\/campingmaasterrasroermond.nl\/de\/wp-json\/wp\/v2\/pages"}],"about":[{"href":"https:\/\/campingmaasterrasroermond.nl\/de\/wp-json\/wp\/v2\/types\/page"}],"author":[{"embeddable":true,"href":"https:\/\/campingmaasterrasroermond.nl\/de\/wp-json\/wp\/v2\/users\/1"}],"replies":[{"embeddable":true,"href":"https:\/\/campingmaasterrasroermond.nl\/de\/wp-json\/wp\/v2\/comments?post=24"}],"version-history":[{"count":4,"href":"https:\/\/campingmaasterrasroermond.nl\/de\/wp-json\/wp\/v2\/pages\/24\/revisions"}],"predecessor-version":[{"id":941,"href":"https:\/\/campingmaasterrasroermond.nl\/de\/wp-json\/wp\/v2\/pages\/24\/revisions\/941"}],"wp:attachment":[{"href":"https:\/\/campingmaasterrasroermond.nl\/de\/wp-json\/wp\/v2\/media?parent=24"}],"curies":[{"name":"wp","href":"https:\/\/api.w.org\/{rel}","templated":true}]}}