{"id":28,"date":"2016-10-03T10:44:17","date_gmt":"2016-10-03T08:44:17","guid":{"rendered":"http:\/\/localhost\/?page_id=28"},"modified":"2016-10-03T10:58:32","modified_gmt":"2016-10-03T08:58:32","slug":"omgeving","status":"publish","type":"page","link":"https:\/\/campingmaasterrasroermond.nl\/de\/omgeving\/","title":{"rendered":"Umgebung"},"content":{"rendered":"<p>In der nahen Umgebung gibt es diverse Einkaufsm\u00f6glichkeiten. Der M\u00f6bel- und Gartenboulevard, der Retailpark, das Designer Outlet Zentrum, die Innenstadt von Roermond und die Gesch\u00e4fte in Swalmen und Umkreis, sind alle in 10 Minuten mit dem Auto erreichbar.<br \/>\nWandern Sie gerne oder fahren sie gerne Rad? Dann bieten sich Ihnen hier viele M\u00f6glichkeiten. In Swalmen und Umkreis liegen viele W\u00e4lder,  dort gibt es mehere Wander- und Fahrradrouten. Direkt am Campingplatz beginnt eine Fahrrad-Knotenpunkt-Route und eine sogenanntes \u201commetje\u201d (eine kurze Wanderstrecke von 3 km).<\/p>\n<p>&nbsp;<\/p>\n<p>&nbsp;<\/p>\n<p>&nbsp;<\/p>\n<p>Camping Maasterras Roermond<\/p>\n","protected":false},"excerpt":{"rendered":"<p>In der nahen Umgebung gibt es diverse Einkaufsm\u00f6glichkeiten. Der M\u00f6bel- und Gartenboulevard, der Retailpark, das Designer Outlet Zentrum, die Innenstadt von Roermond und die Gesch\u00e4fte in Swalmen und Umkreis, sind alle in 10 Minuten mit dem Auto erreichbar. Wandern Sie gerne oder fahren sie gerne Rad? Dann bieten sich Ihnen hier viele M\u00f6glichkeiten. In Swalmen<br \/><a class=\"read-more\" href=\"https:\/\/campingmaasterrasroermond.nl\/de\/omgeving\/\">Lees verder<\/a><\/p>\n","protected":false},"author":1,"featured_media":0,"parent":0,"menu_order":0,"comment_status":"closed","ping_status":"closed","template":"","meta":{"footnotes":""},"class_list":["post-28","page","type-page","status-publish","hentry"],"translation":{"provider":"WPGlobus","version":"3.0.2","language":"de","enabled_languages":["nl","de"],"languages":{"nl":{"title":true,"content":true,"excerpt":false},"de":{"title":true,"content":true,"excerpt":false}}},"_links":{"self":[{"href":"https:\/\/campingmaasterrasroermond.nl\/de\/wp-json\/wp\/v2\/pages\/28","targetHints":{"allow":["GET"]}}],"collection":[{"href":"https:\/\/campingmaasterrasroermond.nl\/de\/wp-json\/wp\/v2\/pages"}],"about":[{"href":"https:\/\/campingmaasterrasroermond.nl\/de\/wp-json\/wp\/v2\/types\/page"}],"author":[{"embeddable":true,"href":"https:\/\/campingmaasterrasroermond.nl\/de\/wp-json\/wp\/v2\/users\/1"}],"replies":[{"embeddable":true,"href":"https:\/\/campingmaasterrasroermond.nl\/de\/wp-json\/wp\/v2\/comments?post=28"}],"version-history":[{"count":3,"href":"https:\/\/campingmaasterrasroermond.nl\/de\/wp-json\/wp\/v2\/pages\/28\/revisions"}],"predecessor-version":[{"id":578,"href":"https:\/\/campingmaasterrasroermond.nl\/de\/wp-json\/wp\/v2\/pages\/28\/revisions\/578"}],"wp:attachment":[{"href":"https:\/\/campingmaasterrasroermond.nl\/de\/wp-json\/wp\/v2\/media?parent=28"}],"curies":[{"name":"wp","href":"https:\/\/api.w.org\/{rel}","templated":true}]}}