{"id":5,"date":"2016-10-03T10:32:59","date_gmt":"2016-10-03T08:32:59","guid":{"rendered":"http:\/\/localhost\/?page_id=5"},"modified":"2026-03-26T19:30:55","modified_gmt":"2026-03-26T18:30:55","slug":"welkom","status":"publish","type":"page","link":"https:\/\/campingmaasterrasroermond.nl\/de\/","title":{"rendered":"Willkommen"},"content":{"rendered":"<p>Camping Maasterras ist ein gem\u00fctlicher, gast- und familienfreundlicher Campingplatz,<\/p>\n<p>der in einer naturreichen ruhigen Umgebung in der Mitte von Limburg, an den Asseltse Seen, gelegen ist.<\/p>\n<p>Die Lage nahe der Maasseen bieten ausgezeichnete M\u00f6glichkeiten u.a. f\u00fcr Wassersportler.<\/p>\n<p>Schauen Sie sich in aller Ruhe auf unserer Webseite um und z\u00f6geren Sie nicht bei evtl. Fragen und\/oder Bemerkungen mit uns in Kontakt zu treten.<\/p>\n<p>Camping Maasterras Roermond<\/p>\n","protected":false},"excerpt":{"rendered":"<p>Camping Maasterras ist ein gem\u00fctlicher, gast- und familienfreundlicher Campingplatz, der in einer naturreichen ruhigen Umgebung in der Mitte von Limburg, an den Asseltse Seen, gelegen ist. Die Lage nahe der Maasseen bieten ausgezeichnete M\u00f6glichkeiten u.a. f\u00fcr Wassersportler. Schauen Sie sich in aller Ruhe auf unserer Webseite um und z\u00f6geren Sie nicht bei evtl. Fragen und\/oder<br \/><a class=\"read-more\" href=\"https:\/\/campingmaasterrasroermond.nl\/de\/\">Lees verder<\/a><\/p>\n","protected":false},"author":1,"featured_media":0,"parent":0,"menu_order":0,"comment_status":"closed","ping_status":"closed","template":"","meta":{"footnotes":""},"class_list":["post-5","page","type-page","status-publish","hentry"],"translation":{"provider":"WPGlobus","version":"3.0.2","language":"de","enabled_languages":["nl","de"],"languages":{"nl":{"title":true,"content":true,"excerpt":false},"de":{"title":true,"content":true,"excerpt":false}}},"_links":{"self":[{"href":"https:\/\/campingmaasterrasroermond.nl\/de\/wp-json\/wp\/v2\/pages\/5","targetHints":{"allow":["GET"]}}],"collection":[{"href":"https:\/\/campingmaasterrasroermond.nl\/de\/wp-json\/wp\/v2\/pages"}],"about":[{"href":"https:\/\/campingmaasterrasroermond.nl\/de\/wp-json\/wp\/v2\/types\/page"}],"author":[{"embeddable":true,"href":"https:\/\/campingmaasterrasroermond.nl\/de\/wp-json\/wp\/v2\/users\/1"}],"replies":[{"embeddable":true,"href":"https:\/\/campingmaasterrasroermond.nl\/de\/wp-json\/wp\/v2\/comments?post=5"}],"version-history":[{"count":166,"href":"https:\/\/campingmaasterrasroermond.nl\/de\/wp-json\/wp\/v2\/pages\/5\/revisions"}],"predecessor-version":[{"id":952,"href":"https:\/\/campingmaasterrasroermond.nl\/de\/wp-json\/wp\/v2\/pages\/5\/revisions\/952"}],"wp:attachment":[{"href":"https:\/\/campingmaasterrasroermond.nl\/de\/wp-json\/wp\/v2\/media?parent=5"}],"curies":[{"name":"wp","href":"https:\/\/api.w.org\/{rel}","templated":true}]}}